{"id":3175,"date":"2020-10-23T13:42:19","date_gmt":"2020-10-23T11:42:19","guid":{"rendered":"https:\/\/www.sagrin.it\/birre\/sagrin-mattos\/"},"modified":"2024-02-12T10:04:29","modified_gmt":"2024-02-12T09:04:29","slug":"sagrin-mattos","status":"publish","type":"product","link":"https:\/\/www.sagrin.it\/en\/beers\/sagrin-mattos\/","title":{"rendered":"Beer Sagrin Mattos Coffee Stout"},"content":{"rendered":"<p>A dark beer, our Imperial Coffee Stout is produced with the most delicate roasted and toasted malts, with the addition of cold-brewed extracts from the finest coffees by small producers in the best regions worldwide.<\/p>\n<p>The coffees are selected in collaboration with <a href=\"https:\/\/bottegadelledelizie.com\">La Bottega delle Delizie<\/a>, specialty coffee store in Bra (CN) and are roasted in Denmark by <a href=\"https:\/\/www.lacabra.dk\">La Cabra Coffee Roaster<\/a>, a modern roastery in Aarhus.<\/p>\n<p>The coffee is cold extracted with the Cold Brew technique, and then added to the beer during the last bottling phase, thanks to which it retains all its aroma. For this reason, you will be particularly amazed at how the coffee remains wrapped and integrated perfectly in our coffee stout.<\/p>\n<p>The current batch uses the &#8220;Sitio Irm\u00e3os Manzoli&#8221; coffee which is the name of the farm owned by Jo\u00e3o Manzoli. Il caff\u00e8 \u00e8 100% arabica monovarietale Red Catuai, coltivato in un singolo appezzamento nel sud-est del Brasile a 950mt di altezza. I chicchi sono raccolti a mano, quindi processati a secco dopo la &#8220;depolpatura&#8221; del frutto. The toasting is light, with notes of blueberry, chocolate and hazelnut.<\/p>\n<p><strong>Category 39 Mention &#8211; <a href=\"http:\/\/www.unionbirrai.it\">Unionbirrai Birra dell\u2019Anno<\/a> 2019<\/strong><\/p>\n<p>Batches history (sold out):<\/p>\n<ul>\n<li>L.12\/09\/21<br \/>\nThe coffee is 100% monovarietal Arabica, grown at an altitude of 1200 m in the heart of Brazil.<br \/>\nThe production comes from the <a href=\"https:\/\/cafefilomenaestefania.com.br\">Fazenda Santa Rita Central Mattos<\/a> led by the last generation of the family in the figure of Filomena Estef\u00e2nia. He feels strongly about his grandfather&#8217;s legacy and today produces some of the best coffees on the estate.<br \/>\nThe lot we are sharing is of the Topazio variety.<\/li>\n<\/ul>\n<p>&nbsp;<\/p>\n","protected":false},"excerpt":{"rendered":"<p>Ingredients:<br \/>\n[fusion_checklist icon=\"fa-check fas\" iconcolor=\"#917852\" circle=\"no\" circlecolor=\"\" size=\"\" divider=\"\" divider_color=\"\" hide_on_mobile=\"small-visibility,medium-visibility,large-visibility\" class=\"\" id=\"\"][fusion_li_item icon=\"\"]Water[\/fusion_li_item][fusion_li_item icon=\"\"]MALTED BARLEY[\/fusion_li_item][fusion_li_item icon=\"\"]Hops[\/fusion_li_item][fusion_li_item icon=\"\"]Sugar[\/fusion_li_item][fusion_li_item icon=\"\"]Caff\u00e8 Sitio Irm\u00e3os Manzoli[\/fusion_li_item][fusion_li_item icon=\"\"]Yeast[\/fusion_li_item][\/fusion_checklist]<\/p>\n<p><img decoding=\"async\" class=\"alignnone size-full wp-image-3316\" src=\"https:\/\/www.sagrin.it\/wp-content\/uploads\/2020\/10\/mattos_specifiche.jpg\" alt=\"mattos_specifiche\" width=\"215\" height=\"138\" srcset=\"https:\/\/www.sagrin.it\/wp-content\/uploads\/2020\/10\/mattos_specifiche-200x128.jpg 200w, https:\/\/www.sagrin.it\/wp-content\/uploads\/2020\/10\/mattos_specifiche.jpg 215w\" sizes=\"(max-width: 215px) 100vw, 215px\" \/><\/p>\n","protected":false},"featured_media":4522,"template":"","meta":{"_monsterinsights_skip_tracking":false,"_monsterinsights_sitenote_active":false,"_monsterinsights_sitenote_note":"","_monsterinsights_sitenote_category":0},"product_brand":[],"product_cat":[99],"product_tag":[115,120,122],"class_list":{"0":"post-3175","1":"product","2":"type-product","3":"status-publish","4":"has-post-thumbnail","6":"product_cat-classic","7":"product_tag-coffee-stout-en","8":"product_tag-imperial-stout-en","9":"product_tag-new","11":"first","12":"instock","13":"taxable","14":"shipping-taxable","15":"purchasable","16":"product-type-variable"},"yoast_head":"<!-- This site is optimized with the Yoast SEO plugin v27.4 - https:\/\/yoast.com\/product\/yoast-seo-wordpress\/ -->\n<title>Beer Sagrin Mattos Coffee Stout - Birrificio Sagrin - Indipendent Craft Brewery<\/title>\n<meta name=\"description\" content=\"Coffee Stout is produced with roasted and toasted malts, with the addition of cold-brewed extracts from the finest coffees from small producers.\" \/>\n<meta name=\"robots\" content=\"index, follow, max-snippet:-1, max-image-preview:large, max-video-preview:-1\" \/>\n<link rel=\"canonical\" href=\"https:\/\/www.sagrin.it\/en\/beers\/sagrin-mattos\/\" \/>\n<meta property=\"og:locale\" content=\"en_US\" \/>\n<meta property=\"og:type\" content=\"article\" \/>\n<meta property=\"og:title\" content=\"Beer Sagrin Mattos Coffee Stout - Birrificio Sagrin - Indipendent Craft Brewery\" \/>\n<meta property=\"og:description\" content=\"Coffee Stout is produced with roasted and toasted malts, with the addition of cold-brewed extracts from the finest coffees from small producers.\" \/>\n<meta property=\"og:url\" content=\"https:\/\/www.sagrin.it\/en\/beers\/sagrin-mattos\/\" \/>\n<meta property=\"og:site_name\" content=\"Birrificio Sagrin - Indipendent Craft Brewery\" \/>\n<meta property=\"article:publisher\" content=\"https:\/\/www.facebook.com\/sagrin\" \/>\n<meta property=\"article:modified_time\" content=\"2024-02-12T09:04:29+00:00\" \/>\n<meta property=\"og:image\" content=\"https:\/\/www.sagrin.it\/wp-content\/uploads\/2024\/02\/mattos.webp\" \/>\n\t<meta property=\"og:image:width\" content=\"500\" \/>\n\t<meta property=\"og:image:height\" content=\"500\" \/>\n\t<meta property=\"og:image:type\" content=\"image\/webp\" \/>\n<meta name=\"twitter:card\" content=\"summary_large_image\" \/>\n<meta name=\"twitter:site\" content=\"@sagrin\" \/>\n<meta name=\"twitter:label1\" content=\"Est. reading time\" \/>\n\t<meta name=\"twitter:data1\" content=\"1 minute\" \/>\n<script type=\"application\/ld+json\" class=\"yoast-schema-graph\">{\"@context\":\"https:\\\/\\\/schema.org\",\"@graph\":[{\"@type\":\"WebPage\",\"@id\":\"https:\\\/\\\/www.sagrin.it\\\/en\\\/beers\\\/sagrin-mattos\\\/\",\"url\":\"https:\\\/\\\/www.sagrin.it\\\/en\\\/beers\\\/sagrin-mattos\\\/\",\"name\":\"Beer Sagrin Mattos Coffee Stout - Birrificio Sagrin - Indipendent Craft Brewery\",\"isPartOf\":{\"@id\":\"https:\\\/\\\/www.sagrin.it\\\/en\\\/#website\"},\"primaryImageOfPage\":{\"@id\":\"https:\\\/\\\/www.sagrin.it\\\/en\\\/beers\\\/sagrin-mattos\\\/#primaryimage\"},\"image\":{\"@id\":\"https:\\\/\\\/www.sagrin.it\\\/en\\\/beers\\\/sagrin-mattos\\\/#primaryimage\"},\"thumbnailUrl\":\"https:\\\/\\\/www.sagrin.it\\\/wp-content\\\/uploads\\\/2024\\\/02\\\/mattos.webp\",\"datePublished\":\"2020-10-23T11:42:19+00:00\",\"dateModified\":\"2024-02-12T09:04:29+00:00\",\"description\":\"Coffee Stout is produced with roasted and toasted malts, with the addition of cold-brewed extracts from the finest coffees from small producers.\",\"breadcrumb\":{\"@id\":\"https:\\\/\\\/www.sagrin.it\\\/en\\\/beers\\\/sagrin-mattos\\\/#breadcrumb\"},\"inLanguage\":\"en-US\",\"potentialAction\":[{\"@type\":\"ReadAction\",\"target\":[\"https:\\\/\\\/www.sagrin.it\\\/en\\\/beers\\\/sagrin-mattos\\\/\"]}]},{\"@type\":\"ImageObject\",\"inLanguage\":\"en-US\",\"@id\":\"https:\\\/\\\/www.sagrin.it\\\/en\\\/beers\\\/sagrin-mattos\\\/#primaryimage\",\"url\":\"https:\\\/\\\/www.sagrin.it\\\/wp-content\\\/uploads\\\/2024\\\/02\\\/mattos.webp\",\"contentUrl\":\"https:\\\/\\\/www.sagrin.it\\\/wp-content\\\/uploads\\\/2024\\\/02\\\/mattos.webp\",\"width\":500,\"height\":500},{\"@type\":\"BreadcrumbList\",\"@id\":\"https:\\\/\\\/www.sagrin.it\\\/en\\\/beers\\\/sagrin-mattos\\\/#breadcrumb\",\"itemListElement\":[{\"@type\":\"ListItem\",\"position\":1,\"name\":\"Home\",\"item\":\"https:\\\/\\\/www.sagrin.it\\\/en\\\/home\\\/\"},{\"@type\":\"ListItem\",\"position\":2,\"name\":\"Shop\",\"item\":\"https:\\\/\\\/www.sagrin.it\\\/negozio\\\/\"},{\"@type\":\"ListItem\",\"position\":3,\"name\":\"Beer Sagrin Mattos Coffee Stout\"}]},{\"@type\":\"WebSite\",\"@id\":\"https:\\\/\\\/www.sagrin.it\\\/en\\\/#website\",\"url\":\"https:\\\/\\\/www.sagrin.it\\\/en\\\/\",\"name\":\"Birrificio Sagrin - Indipendent Craft Brewery\",\"description\":\"#amantidelleiga #igalovers\",\"publisher\":{\"@id\":\"https:\\\/\\\/www.sagrin.it\\\/en\\\/#organization\"},\"alternateName\":\"Sagrin\",\"potentialAction\":[{\"@type\":\"SearchAction\",\"target\":{\"@type\":\"EntryPoint\",\"urlTemplate\":\"https:\\\/\\\/www.sagrin.it\\\/en\\\/?s={search_term_string}\"},\"query-input\":{\"@type\":\"PropertyValueSpecification\",\"valueRequired\":true,\"valueName\":\"search_term_string\"}}],\"inLanguage\":\"en-US\"},{\"@type\":\"Organization\",\"@id\":\"https:\\\/\\\/www.sagrin.it\\\/en\\\/#organization\",\"name\":\"Birrificio Sagrin Snc\",\"alternateName\":\"Birrificio Sagrin\",\"url\":\"https:\\\/\\\/www.sagrin.it\\\/en\\\/\",\"logo\":{\"@type\":\"ImageObject\",\"inLanguage\":\"en-US\",\"@id\":\"https:\\\/\\\/www.sagrin.it\\\/en\\\/#\\\/schema\\\/logo\\\/image\\\/\",\"url\":\"https:\\\/\\\/i0.wp.com\\\/www.sagrin.it\\\/wp-content\\\/uploads\\\/2020\\\/04\\\/logotipo-trascinato.png?fit=400%2C400&ssl=1\",\"contentUrl\":\"https:\\\/\\\/i0.wp.com\\\/www.sagrin.it\\\/wp-content\\\/uploads\\\/2020\\\/04\\\/logotipo-trascinato.png?fit=400%2C400&ssl=1\",\"width\":400,\"height\":400,\"caption\":\"Birrificio Sagrin Snc\"},\"image\":{\"@id\":\"https:\\\/\\\/www.sagrin.it\\\/en\\\/#\\\/schema\\\/logo\\\/image\\\/\"},\"sameAs\":[\"https:\\\/\\\/www.facebook.com\\\/sagrin\",\"https:\\\/\\\/x.com\\\/sagrin\",\"https:\\\/\\\/www.instagram.com\\\/sagrin\"]}]}<\/script>\n<!-- \/ Yoast SEO plugin. -->","yoast_head_json":{"title":"Beer Sagrin Mattos Coffee Stout - Birrificio Sagrin - Indipendent Craft Brewery","description":"Coffee Stout is produced with roasted and toasted malts, with the addition of cold-brewed extracts from the finest coffees from small producers.","robots":{"index":"index","follow":"follow","max-snippet":"max-snippet:-1","max-image-preview":"max-image-preview:large","max-video-preview":"max-video-preview:-1"},"canonical":"https:\/\/www.sagrin.it\/en\/beers\/sagrin-mattos\/","og_locale":"en_US","og_type":"article","og_title":"Beer Sagrin Mattos Coffee Stout - Birrificio Sagrin - Indipendent Craft Brewery","og_description":"Coffee Stout is produced with roasted and toasted malts, with the addition of cold-brewed extracts from the finest coffees from small producers.","og_url":"https:\/\/www.sagrin.it\/en\/beers\/sagrin-mattos\/","og_site_name":"Birrificio Sagrin - Indipendent Craft Brewery","article_publisher":"https:\/\/www.facebook.com\/sagrin","article_modified_time":"2024-02-12T09:04:29+00:00","og_image":[{"width":500,"height":500,"url":"https:\/\/www.sagrin.it\/wp-content\/uploads\/2024\/02\/mattos.webp","type":"image\/webp"}],"twitter_card":"summary_large_image","twitter_site":"@sagrin","twitter_misc":{"Est. reading time":"1 minute"},"schema":{"@context":"https:\/\/schema.org","@graph":[{"@type":"WebPage","@id":"https:\/\/www.sagrin.it\/en\/beers\/sagrin-mattos\/","url":"https:\/\/www.sagrin.it\/en\/beers\/sagrin-mattos\/","name":"Beer Sagrin Mattos Coffee Stout - Birrificio Sagrin - Indipendent Craft Brewery","isPartOf":{"@id":"https:\/\/www.sagrin.it\/en\/#website"},"primaryImageOfPage":{"@id":"https:\/\/www.sagrin.it\/en\/beers\/sagrin-mattos\/#primaryimage"},"image":{"@id":"https:\/\/www.sagrin.it\/en\/beers\/sagrin-mattos\/#primaryimage"},"thumbnailUrl":"https:\/\/www.sagrin.it\/wp-content\/uploads\/2024\/02\/mattos.webp","datePublished":"2020-10-23T11:42:19+00:00","dateModified":"2024-02-12T09:04:29+00:00","description":"Coffee Stout is produced with roasted and toasted malts, with the addition of cold-brewed extracts from the finest coffees from small producers.","breadcrumb":{"@id":"https:\/\/www.sagrin.it\/en\/beers\/sagrin-mattos\/#breadcrumb"},"inLanguage":"en-US","potentialAction":[{"@type":"ReadAction","target":["https:\/\/www.sagrin.it\/en\/beers\/sagrin-mattos\/"]}]},{"@type":"ImageObject","inLanguage":"en-US","@id":"https:\/\/www.sagrin.it\/en\/beers\/sagrin-mattos\/#primaryimage","url":"https:\/\/www.sagrin.it\/wp-content\/uploads\/2024\/02\/mattos.webp","contentUrl":"https:\/\/www.sagrin.it\/wp-content\/uploads\/2024\/02\/mattos.webp","width":500,"height":500},{"@type":"BreadcrumbList","@id":"https:\/\/www.sagrin.it\/en\/beers\/sagrin-mattos\/#breadcrumb","itemListElement":[{"@type":"ListItem","position":1,"name":"Home","item":"https:\/\/www.sagrin.it\/en\/home\/"},{"@type":"ListItem","position":2,"name":"Shop","item":"https:\/\/www.sagrin.it\/negozio\/"},{"@type":"ListItem","position":3,"name":"Beer Sagrin Mattos Coffee Stout"}]},{"@type":"WebSite","@id":"https:\/\/www.sagrin.it\/en\/#website","url":"https:\/\/www.sagrin.it\/en\/","name":"Birrificio Sagrin - Indipendent Craft Brewery","description":"#amantidelleiga #igalovers","publisher":{"@id":"https:\/\/www.sagrin.it\/en\/#organization"},"alternateName":"Sagrin","potentialAction":[{"@type":"SearchAction","target":{"@type":"EntryPoint","urlTemplate":"https:\/\/www.sagrin.it\/en\/?s={search_term_string}"},"query-input":{"@type":"PropertyValueSpecification","valueRequired":true,"valueName":"search_term_string"}}],"inLanguage":"en-US"},{"@type":"Organization","@id":"https:\/\/www.sagrin.it\/en\/#organization","name":"Birrificio Sagrin Snc","alternateName":"Birrificio Sagrin","url":"https:\/\/www.sagrin.it\/en\/","logo":{"@type":"ImageObject","inLanguage":"en-US","@id":"https:\/\/www.sagrin.it\/en\/#\/schema\/logo\/image\/","url":"https:\/\/i0.wp.com\/www.sagrin.it\/wp-content\/uploads\/2020\/04\/logotipo-trascinato.png?fit=400%2C400&ssl=1","contentUrl":"https:\/\/i0.wp.com\/www.sagrin.it\/wp-content\/uploads\/2020\/04\/logotipo-trascinato.png?fit=400%2C400&ssl=1","width":400,"height":400,"caption":"Birrificio Sagrin Snc"},"image":{"@id":"https:\/\/www.sagrin.it\/en\/#\/schema\/logo\/image\/"},"sameAs":["https:\/\/www.facebook.com\/sagrin","https:\/\/x.com\/sagrin","https:\/\/www.instagram.com\/sagrin"]}]}},"jetpack_sharing_enabled":true,"_links":{"self":[{"href":"https:\/\/www.sagrin.it\/en\/wp-json\/wp\/v2\/product\/3175","targetHints":{"allow":["GET"]}}],"collection":[{"href":"https:\/\/www.sagrin.it\/en\/wp-json\/wp\/v2\/product"}],"about":[{"href":"https:\/\/www.sagrin.it\/en\/wp-json\/wp\/v2\/types\/product"}],"wp:featuredmedia":[{"embeddable":true,"href":"https:\/\/www.sagrin.it\/en\/wp-json\/wp\/v2\/media\/4522"}],"wp:attachment":[{"href":"https:\/\/www.sagrin.it\/en\/wp-json\/wp\/v2\/media?parent=3175"}],"wp:term":[{"taxonomy":"product_brand","embeddable":true,"href":"https:\/\/www.sagrin.it\/en\/wp-json\/wp\/v2\/product_brand?post=3175"},{"taxonomy":"product_cat","embeddable":true,"href":"https:\/\/www.sagrin.it\/en\/wp-json\/wp\/v2\/product_cat?post=3175"},{"taxonomy":"product_tag","embeddable":true,"href":"https:\/\/www.sagrin.it\/en\/wp-json\/wp\/v2\/product_tag?post=3175"}],"curies":[{"name":"wp","href":"https:\/\/api.w.org\/{rel}","templated":true}]}}